{"id":220,"date":"2020-04-18T13:44:38","date_gmt":"2020-04-18T12:44:38","guid":{"rendered":"http:\/\/remybenjamin.be\/?page_id=220"},"modified":"2020-05-09T20:40:12","modified_gmt":"2020-05-09T19:40:12","slug":"imagery","status":"publish","type":"page","link":"https:\/\/remybenjamin.be\/","title":{"rendered":"R\u00e9my Benjamin"},"content":{"rendered":"\n<p>R\u00e9my Benjamin est n\u00e9 d\u2019un p\u00e8re marin norv\u00e9gien et d\u2019une m\u00e8re am\u00e9ricaine, chanteuse de folk.<\/p>\n\n\n\n<p>Adolescent, une grave maladie l\u2019oblige \u00e0 rester alit\u00e9 et enferm\u00e9 pendant plusieurs mois. C\u2019est lors de sa convalescence, qu\u2019il passera dans une petite chambre d\u2019Amsterdam, chez ses grands-parents maternels, que R\u00e9my Benjamin d\u00e9couvrira la bande dessin\u00e9e.<\/p>\n\n\n\n<p>Il d\u00e9cide alors de devenir auteur de BD et voyage \u00e0 travers l\u2019Europe pour proposer ses travaux aux journaux et \u00e9diteurs.<\/p>\n\n\n\n<p>Au d\u00e9but des ann\u00e9es 2000, ses pas le conduisent en Belgique o\u00f9 il fonde la revue du \u00ab&nbsp;Cheval de Quatre&nbsp;\u00bb avec d\u2019autres amis dessinateurs.<\/p>\n\n\n\n<p>R\u00e9my Benjamin vit et travaille actuellement en Belgique.<\/p>\n","protected":false},"excerpt":{"rendered":"<p>R\u00e9my Benjamin est n\u00e9 d\u2019un p\u00e8re marin norv\u00e9gien et d\u2019une m\u00e8re am\u00e9ricaine, chanteuse de folk. Adolescent, une grave maladie l\u2019oblige \u00e0 rester alit\u00e9 et enferm\u00e9 pendant plusieurs mois. C\u2019est lors de sa convalescence, qu\u2019il passera dans une petite chambre d\u2019Amsterdam, chez ses grands-parents maternels, que R\u00e9my Benjamin d\u00e9couvrira la bande dessin\u00e9e. Il d\u00e9cide alors de &hellip; <\/p>\n<p class=\"link-more\"><a href=\"https:\/\/remybenjamin.be\/\" class=\"more-link\">Continue reading<span class=\"screen-reader-text\"> \u00ab\u00a0R\u00e9my Benjamin\u00a0\u00bb<\/span><\/a><\/p>\n","protected":false},"author":1,"featured_media":0,"parent":0,"menu_order":0,"comment_status":"closed","ping_status":"closed","template":"","meta":[],"_links":{"self":[{"href":"https:\/\/remybenjamin.be\/index.php\/wp-json\/wp\/v2\/pages\/220"}],"collection":[{"href":"https:\/\/remybenjamin.be\/index.php\/wp-json\/wp\/v2\/pages"}],"about":[{"href":"https:\/\/remybenjamin.be\/index.php\/wp-json\/wp\/v2\/types\/page"}],"author":[{"embeddable":true,"href":"https:\/\/remybenjamin.be\/index.php\/wp-json\/wp\/v2\/users\/1"}],"replies":[{"embeddable":true,"href":"https:\/\/remybenjamin.be\/index.php\/wp-json\/wp\/v2\/comments?post=220"}],"version-history":[{"count":10,"href":"https:\/\/remybenjamin.be\/index.php\/wp-json\/wp\/v2\/pages\/220\/revisions"}],"predecessor-version":[{"id":342,"href":"https:\/\/remybenjamin.be\/index.php\/wp-json\/wp\/v2\/pages\/220\/revisions\/342"}],"wp:attachment":[{"href":"https:\/\/remybenjamin.be\/index.php\/wp-json\/wp\/v2\/media?parent=220"}],"curies":[{"name":"wp","href":"https:\/\/api.w.org\/{rel}","templated":true}]}}